{"id":965,"date":"2026-03-06T11:42:07","date_gmt":"2026-03-06T11:42:07","guid":{"rendered":"https:\/\/arteform.biz\/?page_id=965"},"modified":"2026-04-08T19:15:17","modified_gmt":"2026-04-08T19:15:17","slug":"projektet-al","status":"publish","type":"page","link":"https:\/\/arteform.biz\/?page_id=965&lang=sq","title":{"rendered":"Projektet"},"content":{"rendered":"\t\t<div data-elementor-type=\"wp-page\" data-elementor-id=\"965\" class=\"elementor elementor-965\">\n\t\t\t\t\t\t<section class=\"elementor-section elementor-top-section elementor-element elementor-element-32c9eff elementor-section-height-min-height elementor-section-boxed elementor-section-height-default elementor-section-items-middle sc_fly_static\" data-id=\"32c9eff\" data-element_type=\"section\" data-settings=\"{&quot;background_background&quot;:&quot;classic&quot;}\">\n\t\t\t\t\t\t\t<div class=\"elementor-background-overlay\"><\/div>\n\t\t\t\t\t\t\t<div class=\"elementor-container elementor-column-gap-extended\">\n\t\t\t\t\t<div class=\"elementor-column elementor-col-100 elementor-top-column elementor-element elementor-element-63e0df0 sc_content_align_inherit sc_layouts_column_icons_position_left sc_fly_static\" data-id=\"63e0df0\" data-element_type=\"column\">\n\t\t\t<div class=\"elementor-widget-wrap elementor-element-populated\">\n\t\t\t\t\t\t<div class=\"elementor-element elementor-element-1d76a69 sc_fly_static elementor-widget elementor-widget-heading\" data-id=\"1d76a69\" data-element_type=\"widget\" data-widget_type=\"heading.default\">\n\t\t\t\t<div class=\"elementor-widget-container\">\n\t\t\t\t\t<h2 class=\"elementor-heading-title elementor-size-default\">Hap\u00ebsira q\u00eb Frym\u00ebzojn\u00eb<\/h2>\t\t\t\t<\/div>\n\t\t\t\t<\/div>\n\t\t\t\t\t<\/div>\n\t\t<\/div>\n\t\t\t\t\t<\/div>\n\t\t<\/section>\n\t\t\t\t<section class=\"elementor-section elementor-top-section elementor-element elementor-element-d532958 elementor-section-full_width elementor-section-height-default elementor-section-height-default sc_fly_static\" data-id=\"d532958\" data-element_type=\"section\">\n\t\t\t\t\t\t<div class=\"elementor-container elementor-column-gap-extended\">\n\t\t\t\t\t<div class=\"elementor-column elementor-col-100 elementor-top-column elementor-element elementor-element-aec902b sc_content_align_inherit sc_layouts_column_icons_position_left sc_fly_static\" data-id=\"aec902b\" data-element_type=\"column\">\n\t\t\t<div class=\"elementor-widget-wrap elementor-element-populated\">\n\t\t\t\t\t\t<div class=\"elementor-element elementor-element-d0d8f69 sc_fly_static elementor-widget elementor-widget-spacer\" data-id=\"d0d8f69\" data-element_type=\"widget\" data-widget_type=\"spacer.default\">\n\t\t\t\t<div class=\"elementor-widget-container\">\n\t\t\t\t\t\t\t<div class=\"elementor-spacer\">\n\t\t\t<div class=\"elementor-spacer-inner\"><\/div>\n\t\t<\/div>\n\t\t\t\t\t\t<\/div>\n\t\t\t\t<\/div>\n\t\t\t\t<div class=\"elementor-element elementor-element-3260ca9 sc_fly_static elementor-widget elementor-widget-trx_sc_portfolio\" data-id=\"3260ca9\" data-element_type=\"widget\" data-widget_type=\"trx_sc_portfolio.default\">\n\t\t\t\t<div class=\"elementor-widget-container\">\n\t\t\t\t\t<div \t\tclass=\"sc_portfolio sc_portfolio_band\"><div class=\"sc_portfolio_content sc_item_content sc_item_posts_container\n              grid_wrap_3\"><div data-post-id=\"1012\" class=\"sc_portfolio_item sc_item_container post_container\"\n\t\tdata-size=\"2560x1708\"\n\tdata-src=\"https:\/\/arteform.biz\/wp-content\/uploads\/2026\/03\/IMG_9613-1-scaled.jpg\"\n\t>\n\t<div class=\"post_featured with_thumb hover_link sc_portfolio_item_thumb trx_addons_image_effects_on_waves2\" data-image-effect-strength=\"30\"><img fetchpriority=\"high\" decoding=\"async\" width=\"890\" height=\"664\" src=\"https:\/\/arteform.biz\/wp-content\/uploads\/2026\/03\/IMG_9613-1-890x664.jpg\" class=\"attachment-pantry-thumb-square size-pantry-thumb-square wp-post-image\" alt=\"\" \/>\t\t\t\t\t\t<div class=\"mask\"><\/div>\n\t\t\t\t\t\t\t\t\t<a href=\"https:\/\/arteform.biz\/?cpt_portfolio=rezidenca-vj-2&#038;lang=sq\"  aria-hidden=\"true\" class=\"link\"><\/a>\n\t\t\t<\/div>    <div class=\"post_content_wrap\">\n        <div class=\"post_meta\"><span class=\"post_meta_item post_categories cat_sep\"><a href=\"https:\/\/arteform.biz\/?cpt_portfolio_group=all-sq&#038;lang=sq\" title=\"View all posts in All\">All<\/a><\/span><\/div>            <h2 class=\"post_title\">\n                    <a href=\"https:\/\/arteform.biz\/?cpt_portfolio=rezidenca-vj-2&#038;lang=sq\">Rezidenca VJ<\/a>\n                    <\/h2>\n        \n                    <div class=\"post_description_content\"> Rezidenca VJ \u00ebsht\u00eb nj\u00eb realizim i plot\u00eb i gjith\u00eb sht\u00ebpis\u00eb nga ARTEFORM, me dizajn t\u00eb brendsh\u00ebm nga VB Studio. Projekti \u00ebsht\u00eb zhvilluar n\u00eb t\u00eb gjitha hap\u00ebsirat, me t\u00eb nj\u00ebjtin standard&hellip; <\/div>\n                <a href=\"https:\/\/arteform.biz\/?cpt_portfolio=rezidenca-vj-2&#038;lang=sq\" class=\"theme_button\"><span class=\"post_readmore_label\">Read More <\/span><span class=\"hover-arrow\"><\/span><\/a>\n        \n\n    <\/div>\n<\/div><div data-post-id=\"1013\" class=\"sc_portfolio_item sc_item_container post_container\"\n\t\tdata-size=\"2560x1708\"\n\tdata-src=\"https:\/\/arteform.biz\/wp-content\/uploads\/2026\/03\/arteform-private-home-8-scaled.jpg\"\n\t>\n\t<div class=\"post_featured with_thumb hover_link sc_portfolio_item_thumb trx_addons_image_effects_on_waves2\" data-image-effect-strength=\"30\"><img decoding=\"async\" width=\"890\" height=\"664\" src=\"https:\/\/arteform.biz\/wp-content\/uploads\/2026\/03\/arteform-private-home-8-890x664.jpg\" class=\"attachment-pantry-thumb-square size-pantry-thumb-square wp-post-image\" alt=\"\" \/>\t\t\t\t\t\t<div class=\"mask\"><\/div>\n\t\t\t\t\t\t\t\t\t<a href=\"https:\/\/arteform.biz\/?cpt_portfolio=rezidenca-sh-m&#038;lang=sq\"  aria-hidden=\"true\" class=\"link\"><\/a>\n\t\t\t<\/div>    <div class=\"post_content_wrap\">\n        <div class=\"post_meta\"><span class=\"post_meta_item post_categories cat_sep\"><a href=\"https:\/\/arteform.biz\/?cpt_portfolio_group=all-sq&#038;lang=sq\" title=\"View all posts in All\">All<\/a><\/span><\/div>            <h2 class=\"post_title\">\n                    <a href=\"https:\/\/arteform.biz\/?cpt_portfolio=rezidenca-sh-m&#038;lang=sq\">Rezidenca SH.M<\/a>\n                    <\/h2>\n        \n                    <div class=\"post_description_content\"> Rezidenca Sh.M \u00ebsht\u00eb nj\u00eb sht\u00ebpi private e zhvilluar me nj\u00eb gjuh\u00eb moderne dhe t\u00eb past\u00ebr interieri. Druri i err\u00ebt i sapop\u00ebrluar kombinohet me aksente titani, nd\u00ebrsa dyert prej xhami dhe&hellip; <\/div>\n                <a href=\"https:\/\/arteform.biz\/?cpt_portfolio=rezidenca-sh-m&#038;lang=sq\" class=\"theme_button\"><span class=\"post_readmore_label\">Read More <\/span><span class=\"hover-arrow\"><\/span><\/a>\n        \n\n    <\/div>\n<\/div><div data-post-id=\"1014\" class=\"sc_portfolio_item sc_item_container post_container\"\n\t\tdata-size=\"2560x1708\"\n\tdata-src=\"https:\/\/arteform.biz\/wp-content\/uploads\/2026\/03\/IMG_6587-scaled.jpg\"\n\t>\n\t<div class=\"post_featured with_thumb hover_link sc_portfolio_item_thumb trx_addons_image_effects_on_waves2\" data-image-effect-strength=\"30\"><img decoding=\"async\" width=\"890\" height=\"664\" src=\"https:\/\/arteform.biz\/wp-content\/uploads\/2026\/03\/IMG_6587-890x664.jpg\" class=\"attachment-pantry-thumb-square size-pantry-thumb-square wp-post-image\" alt=\"\" \/>\t\t\t\t\t\t<div class=\"mask\"><\/div>\n\t\t\t\t\t\t\t\t\t<a href=\"https:\/\/arteform.biz\/?cpt_portfolio=rezidenca-e-z&#038;lang=sq\"  aria-hidden=\"true\" class=\"link\"><\/a>\n\t\t\t<\/div>    <div class=\"post_content_wrap\">\n        <div class=\"post_meta\"><span class=\"post_meta_item post_categories cat_sep\"><a href=\"https:\/\/arteform.biz\/?cpt_portfolio_group=all-sq&#038;lang=sq\" title=\"View all posts in All\">All<\/a><\/span><\/div>            <h2 class=\"post_title\">\n                    <a href=\"https:\/\/arteform.biz\/?cpt_portfolio=rezidenca-e-z&#038;lang=sq\">Rezidenca E.Z<\/a>\n                    <\/h2>\n        \n                    <div class=\"post_description_content\"> Rezidenca E.Z \u00ebsht\u00eb nj\u00eb rifinish i plot\u00eb i gjith\u00eb sht\u00ebpis\u00eb nga ARTEFORM, me zdrukthtari t\u00eb zhvilluar n\u00eb hyrje, kuzhin\u00eb, sallon, shkall\u00eb, dyer dhe dhoma. Arra \u00ebsht\u00eb materiali baz\u00eb q\u00eb e&hellip; <\/div>\n                <a href=\"https:\/\/arteform.biz\/?cpt_portfolio=rezidenca-e-z&#038;lang=sq\" class=\"theme_button\"><span class=\"post_readmore_label\">Read More <\/span><span class=\"hover-arrow\"><\/span><\/a>\n        \n\n    <\/div>\n<\/div><\/div><\/div>\t\t\t\t<\/div>\n\t\t\t\t<\/div>\n\t\t\t\t\t<\/div>\n\t\t<\/div>\n\t\t\t\t\t<\/div>\n\t\t<\/section>\n\t\t\t\t<section class=\"elementor-section elementor-top-section elementor-element elementor-element-a72fb29 elementor-section-boxed elementor-section-height-default elementor-section-height-default sc_fly_static\" data-id=\"a72fb29\" data-element_type=\"section\">\n\t\t\t\t\t\t<div class=\"elementor-container elementor-column-gap-extended\">\n\t\t\t\t\t<div class=\"elementor-column elementor-col-100 elementor-top-column elementor-element elementor-element-04b6a34 sc_content_align_inherit sc_layouts_column_icons_position_left sc_fly_static\" data-id=\"04b6a34\" data-element_type=\"column\">\n\t\t\t<div class=\"elementor-widget-wrap\">\n\t\t\t\t\t\t\t<\/div>\n\t\t<\/div>\n\t\t\t\t\t<\/div>\n\t\t<\/section>\n\t\t\t\t<section class=\"elementor-section elementor-top-section elementor-element elementor-element-e47a102 elementor-section-boxed elementor-section-height-default elementor-section-height-default sc_fly_static\" data-id=\"e47a102\" data-element_type=\"section\">\n\t\t\t\t\t\t<div class=\"elementor-container elementor-column-gap-extended\">\n\t\t\t\t\t<div class=\"elementor-column elementor-col-100 elementor-top-column elementor-element elementor-element-ea726c3 sc_content_align_inherit sc_layouts_column_icons_position_left sc_fly_static\" data-id=\"ea726c3\" data-element_type=\"column\">\n\t\t\t<div class=\"elementor-widget-wrap elementor-element-populated\">\n\t\t\t\t\t\t<div class=\"elementor-element elementor-element-0bf3873 sc_fly_static elementor-widget elementor-widget-spacer\" data-id=\"0bf3873\" data-element_type=\"widget\" data-widget_type=\"spacer.default\">\n\t\t\t\t<div class=\"elementor-widget-container\">\n\t\t\t\t\t\t\t<div class=\"elementor-spacer\">\n\t\t\t<div class=\"elementor-spacer-inner\"><\/div>\n\t\t<\/div>\n\t\t\t\t\t\t<\/div>\n\t\t\t\t<\/div>\n\t\t\t\t\t<\/div>\n\t\t<\/div>\n\t\t\t\t\t<\/div>\n\t\t<\/section>\n\t\t\t\t<\/div>\n\t\t","protected":false},"excerpt":{"rendered":"<p>Hap\u00ebsira q\u00eb Frym\u00ebzojn\u00eb All Rezidenca VJ Rezidenca VJ \u00ebsht\u00eb nj\u00eb realizim i plot\u00eb i gjith\u00eb sht\u00ebpis\u00eb nga ARTEFORM, me dizajn t\u00eb brendsh\u00ebm nga VB Studio. Projekti \u00ebsht\u00eb zhvilluar n\u00eb t\u00eb&hellip;<\/p>\n","protected":false},"author":1,"featured_media":0,"parent":0,"menu_order":0,"comment_status":"closed","ping_status":"closed","template":"elementor_header_footer","meta":{"footnotes":""},"class_list":["post-965","page","type-page","status-publish","hentry"],"_links":{"self":[{"href":"https:\/\/arteform.biz\/index.php?rest_route=\/wp\/v2\/pages\/965","targetHints":{"allow":["GET"]}}],"collection":[{"href":"https:\/\/arteform.biz\/index.php?rest_route=\/wp\/v2\/pages"}],"about":[{"href":"https:\/\/arteform.biz\/index.php?rest_route=\/wp\/v2\/types\/page"}],"author":[{"embeddable":true,"href":"https:\/\/arteform.biz\/index.php?rest_route=\/wp\/v2\/users\/1"}],"replies":[{"embeddable":true,"href":"https:\/\/arteform.biz\/index.php?rest_route=%2Fwp%2Fv2%2Fcomments&post=965"}],"version-history":[{"count":11,"href":"https:\/\/arteform.biz\/index.php?rest_route=\/wp\/v2\/pages\/965\/revisions"}],"predecessor-version":[{"id":1130,"href":"https:\/\/arteform.biz\/index.php?rest_route=\/wp\/v2\/pages\/965\/revisions\/1130"}],"wp:attachment":[{"href":"https:\/\/arteform.biz\/index.php?rest_route=%2Fwp%2Fv2%2Fmedia&parent=965"}],"curies":[{"name":"wp","href":"https:\/\/api.w.org\/{rel}","templated":true}]}}